{"id":14,"date":"2012-02-09T14:10:13","date_gmt":"2012-02-09T13:10:13","guid":{"rendered":"http:\/\/kurse.theo-gremme.de\/?page_id=14"},"modified":"2014-04-10T12:04:43","modified_gmt":"2014-04-10T11:04:43","slug":"programmhefttexte","status":"publish","type":"page","link":"http:\/\/kurse.theo-gremme.de\/?page_id=14","title":{"rendered":"Programmhefttexte"},"content":{"rendered":"<p>Liebe Volkshochschulen, Familienenbildungsst\u00e4tten und andere Veranstalter,<\/p>\n<p>Sie k\u00f6nnen f\u00fcr Ihre Programmplanung ganz einfach den entsprechenden Programmhefttext auf der Seite &#8222;Aktueller Veranstaltungskalender&#8220; (Home) mit &#8222;kopieren&#8220; und &#8222;einf\u00fcgen&#8220; in Ihre Textverarbeitung \u00fcbernehmen. Ich m\u00f6chte Sie aber herzlich bitten, gew\u00fcnschte Text\u00e4nderungen vor Drucklegung Ihres Programmheftes mit mir telefonisch kurz abzusprechen. Vielen Dank!<\/p>\n<p>Ihr Theo Gremme<\/p>\n","protected":false},"excerpt":{"rendered":"<p>Liebe Volkshochschulen, Familienenbildungsst\u00e4tten und andere Veranstalter, Sie k\u00f6nnen f\u00fcr Ihre Programmplanung ganz einfach den entsprechenden Programmhefttext auf der Seite &#8222;Aktueller Veranstaltungskalender&#8220; (Home) mit &#8222;kopieren&#8220; und &#8222;einf\u00fcgen&#8220; in Ihre Textverarbeitung \u00fcbernehmen. Ich m\u00f6chte Sie aber herzlich bitten, gew\u00fcnschte Text\u00e4nderungen vor Drucklegung Ihres Programmheftes mit mir telefonisch kurz abzusprechen. Vielen Dank! Ihr Theo Gremme<\/p>\n","protected":false},"author":1,"featured_media":0,"parent":0,"menu_order":0,"comment_status":"closed","ping_status":"closed","template":"","meta":{"footnotes":""},"class_list":["post-14","page","type-page","status-publish","hentry"],"_links":{"self":[{"href":"http:\/\/kurse.theo-gremme.de\/index.php?rest_route=\/wp\/v2\/pages\/14","targetHints":{"allow":["GET"]}}],"collection":[{"href":"http:\/\/kurse.theo-gremme.de\/index.php?rest_route=\/wp\/v2\/pages"}],"about":[{"href":"http:\/\/kurse.theo-gremme.de\/index.php?rest_route=\/wp\/v2\/types\/page"}],"author":[{"embeddable":true,"href":"http:\/\/kurse.theo-gremme.de\/index.php?rest_route=\/wp\/v2\/users\/1"}],"replies":[{"embeddable":true,"href":"http:\/\/kurse.theo-gremme.de\/index.php?rest_route=%2Fwp%2Fv2%2Fcomments&post=14"}],"version-history":[{"count":16,"href":"http:\/\/kurse.theo-gremme.de\/index.php?rest_route=\/wp\/v2\/pages\/14\/revisions"}],"predecessor-version":[{"id":109,"href":"http:\/\/kurse.theo-gremme.de\/index.php?rest_route=\/wp\/v2\/pages\/14\/revisions\/109"}],"wp:attachment":[{"href":"http:\/\/kurse.theo-gremme.de\/index.php?rest_route=%2Fwp%2Fv2%2Fmedia&parent=14"}],"curies":[{"name":"wp","href":"https:\/\/api.w.org\/{rel}","templated":true}]}}